{"id":913,"date":"2020-11-30T19:04:33","date_gmt":"2020-11-30T18:04:33","guid":{"rendered":"http:\/\/eco-nscience.com\/Yoga\/?page_id=913"},"modified":"2021-09-09T16:55:48","modified_gmt":"2021-09-09T14:55:48","slug":"efy","status":"publish","type":"page","link":"https:\/\/eco-nscience.com\/yoga\/efy\/","title":{"rendered":"Ecole Fran\u00e7aise de Yoga"},"content":{"rendered":"\n<p>Ecole Fran\u00e7aise de Yoga<\/p>\n\n\n\n<blockquote class=\"wp-embedded-content\" data-secret=\"ibQ8PSfIxT\"><a href=\"https:\/\/ecolefrancaisedeyoga.fr\/\">accueil<\/a><\/blockquote><iframe loading=\"lazy\" class=\"wp-embedded-content\" sandbox=\"allow-scripts\" security=\"restricted\" style=\"position: absolute; visibility: hidden;\" title=\"\u00ab\u00a0accueil\u00a0\u00bb &#8212; \u00c9cole Fran\u00e7aise de Yoga\" src=\"https:\/\/ecolefrancaisedeyoga.fr\/embed\/#?secret=XOS7Ma8RoC#?secret=ibQ8PSfIxT\" data-secret=\"ibQ8PSfIxT\" width=\"525\" height=\"296\" frameborder=\"0\" marginwidth=\"0\" marginheight=\"0\" scrolling=\"no\"><\/iframe>\n\n\n\n<p><\/p>\n\n\n\n<p>Nouveau message (07\/01\/2021) :<\/p>\n\n\n\n<p><br>Chers Amis,<\/p>\n\n\n\n<p>Depuis quelques ann\u00e9es, L\u2019Ecole Fran\u00e7aise de Yoga en partenariat avec l\u2019Institut Catholique de Paris, &nbsp;propose deux passionnants cycles de conf\u00e9rences, ouverts<\/p>\n\n\n\n<p>\u00e0 tous publics :&nbsp; \u00ab A la rencontre du Monde Indien \u00bb.<\/p>\n\n\n\n<p>Ces cours \u00ab grand angle \u00bb, ax\u00e9s sur la connaissance du sous-continent dans sa fascinante diversit\u00e9, offrent un voyage intellectuel hors du commun,&nbsp;<\/p>\n\n\n\n<p>sous le signe de l\u2019\u00e9change et du dialogue des cultures. Une occasion unique de rencontrer de grands sp\u00e9cialistes du monde indien, qu\u2019ils soient historiens, g\u00e9ographes, anthropologues ou cin\u00e9astes\u2026<\/p>\n\n\n\n<p>Les inscriptions au second semestre, \u00ab L\u2019Inde et nous : histoires d\u2019\u00e9changes et de rencontres \u00bb, sont ouvertes.&nbsp;Pour la premi\u00e8re fois, l\u2019ensemble du cycle sera accessible en distanciel.&nbsp;Nouveaut\u00e9 importante, les conf\u00e9rences peuvent aussi \u00eatre choisies \u00e0 l\u2019unit\u00e9.&nbsp;N\u2019h\u00e9sitez pas \u00e0 en parler \u00e0 tous ceux qui autour de vous pourraient \u00eatre int\u00e9ress\u00e9s par ce voyage.<\/p>\n\n\n\n<p>Pour plus d\u2019informations, consultez le document ci-joint ou notre site web :&nbsp;<a href=\"https:\/\/mail01.orange.fr\/appsuite\/voici%20la%20page%20%C3%A0%20jour%20:%20https:\/\/ecolefrancaisedeyoga.fr\/evenements-ouverts-a-tous\/conferences\/inde-et-nous\/\" target=\"_blank\" rel=\"noreferrer noopener\"><\/a><a href=\"https:\/\/ecolefrancaisedeyoga.fr\/evenements-ouverts-a-tous\/conferences\/inde-et-nous\/\" target=\"_blank\" rel=\"noreferrer noopener\">https:\/\/ecolefrancaisedeyoga.fr\/evenements-ouverts-a-tous\/conferences\/inde-et-nous\/<\/a><\/p>\n\n\n\n<p>Le Secr\u00e9tariat de l&rsquo;Ecole Fran\u00e7aise de Yoga<\/p>\n\n\n\n<p><\/p>\n\n\n\n<p>Programmes 2020-2021<\/p>\n\n\n\n<figure class=\"wp-block-embed-wordpress wp-block-embed is-type-wp-embed is-provider-ecole-francaise-de-yoga\"><div class=\"wp-block-embed__wrapper\">\n<blockquote class=\"wp-embedded-content\" data-secret=\"S6ewMpiBHY\"><a href=\"https:\/\/ecolefrancaisedeyoga.fr\/seminaires\/\">S\u00e9minaires<\/a><\/blockquote><iframe loading=\"lazy\" class=\"wp-embedded-content\" sandbox=\"allow-scripts\" security=\"restricted\" style=\"position: absolute; visibility: hidden;\" title=\"\u00ab\u00a0S\u00e9minaires\u00a0\u00bb &#8212; \u00c9cole Fran\u00e7aise de Yoga\" src=\"https:\/\/ecolefrancaisedeyoga.fr\/seminaires\/embed\/#?secret=2T1cAjgtjN#?secret=S6ewMpiBHY\" data-secret=\"S6ewMpiBHY\" width=\"525\" height=\"296\" frameborder=\"0\" marginwidth=\"0\" marginheight=\"0\" scrolling=\"no\"><\/iframe>\n<\/div><\/figure>\n","protected":false},"excerpt":{"rendered":"<p>Ecole Fran\u00e7aise de Yoga accueil Nouveau message (07\/01\/2021) : Chers Amis, Depuis quelques ann\u00e9es, L\u2019Ecole Fran\u00e7aise de Yoga en partenariat avec l\u2019Institut Catholique de Paris, &nbsp;propose deux passionnants cycles de conf\u00e9rences, ouverts \u00e0 tous publics :&nbsp; \u00ab A la rencontre du Monde Indien \u00bb. Ces cours \u00ab grand angle \u00bb, ax\u00e9s sur la connaissance du &hellip; <\/p>\n<p class=\"link-more\"><a href=\"https:\/\/eco-nscience.com\/yoga\/efy\/\" class=\"more-link\">Continuer la lecture<span class=\"screen-reader-text\"> de &laquo;&nbsp;Ecole Fran\u00e7aise de Yoga&nbsp;&raquo;<\/span><\/a><\/p>\n","protected":false},"author":1,"featured_media":0,"parent":0,"menu_order":0,"comment_status":"closed","ping_status":"closed","template":"","meta":{"footnotes":""},"class_list":["post-913","page","type-page","status-publish","hentry"],"_links":{"self":[{"href":"https:\/\/eco-nscience.com\/yoga\/wp-json\/wp\/v2\/pages\/913","targetHints":{"allow":["GET"]}}],"collection":[{"href":"https:\/\/eco-nscience.com\/yoga\/wp-json\/wp\/v2\/pages"}],"about":[{"href":"https:\/\/eco-nscience.com\/yoga\/wp-json\/wp\/v2\/types\/page"}],"author":[{"embeddable":true,"href":"https:\/\/eco-nscience.com\/yoga\/wp-json\/wp\/v2\/users\/1"}],"replies":[{"embeddable":true,"href":"https:\/\/eco-nscience.com\/yoga\/wp-json\/wp\/v2\/comments?post=913"}],"version-history":[{"count":14,"href":"https:\/\/eco-nscience.com\/yoga\/wp-json\/wp\/v2\/pages\/913\/revisions"}],"predecessor-version":[{"id":1244,"href":"https:\/\/eco-nscience.com\/yoga\/wp-json\/wp\/v2\/pages\/913\/revisions\/1244"}],"wp:attachment":[{"href":"https:\/\/eco-nscience.com\/yoga\/wp-json\/wp\/v2\/media?parent=913"}],"curies":[{"name":"wp","href":"https:\/\/api.w.org\/{rel}","templated":true}]}}