{"id":9,"date":"2019-05-29T20:38:05","date_gmt":"2019-05-29T18:38:05","guid":{"rendered":"http:\/\/eco-nscience.com\/Yoga\/?page_id=9"},"modified":"2020-10-06T08:30:30","modified_gmt":"2020-10-06T06:30:30","slug":"accueil","status":"publish","type":"page","link":"https:\/\/eco-nscience.com\/yoga\/","title":{"rendered":"Accueil"},"content":{"rendered":"\n<p>Comme vous le savez, la pratique des arts \u00e9nerg\u00e9tiques permet d&rsquo;une part d&rsquo;entretenir et de renforcer notre syst\u00e8me immunitaire&nbsp;mais aussi et surtout de favoriser le calme int\u00e9rieur propice au recul de l&rsquo;anxi\u00e9t\u00e9 et de la peur g\u00e9n\u00e9r\u00e9es par tant d\u2019incertitudes.<\/p>\n\n\n<p>Namast\u00e9<\/p>\n<p>\ud83d\ude4f\ud83e\uddd8\ud83c\udffb\u200d\u2640\ufe0f\ud83e\uddd8\ud83c\udffb\u200d\u2642\ufe0f\ud83d\ude4f<\/p>\n<p>Bienvenue sur votre site\u00a0!<\/p>\n<p>Tr\u00e8s inspir\u00e9 du site de Fabienne Hidalgo :<\/p>\n<p><a href=\"http:\/\/www.prajnana-yoga.com\/pages\/les-asanas.html\">http:\/\/www.prajnana-yoga.com\/pages\/les-asanas.html<\/a><\/p>\n<p>\u00a0<\/p>\n<p>Beaucoup d&rsquo;info (en anglais !) :<\/p>\n<p><a href=\"https:\/\/www.yogapedia.com\">https:\/\/www.yogapedia.com<\/a><\/p>\n<p>\u00a0<\/p>\n<p>Asanas :<\/p>\n<p>Pranayama : \u00a0<a href=\"http:\/\/www.prajnana-yoga.com\/pages\/le-pranayama.html\">http:\/\/www.prajnana-yoga.com\/pages\/le-pranayama.html<\/a><\/p>\n<p>Mudra :<\/p>\n<p>Mantra :<\/p>\n<p>Pr\u00e9cautions :<\/p>\n<p>\ud83d\ude4f\ud83e\uddd8\ud83c\udffb\u200d\u2640\ufe0f\ud83e\uddd8\ud83c\udffb\u200d\u2642\ufe0f\ud83d\ude4f<\/p>\n<p>Namast\u00e9<\/p>\n\n\n<p><a href=\"https:\/\/www.yogapedia.com\">https:\/\/www.yogapedia.com<\/a><\/p>\n","protected":false},"excerpt":{"rendered":"<p>Comme vous le savez, la pratique des arts \u00e9nerg\u00e9tiques permet d&rsquo;une part d&rsquo;entretenir et de renforcer notre syst\u00e8me immunitaire&nbsp;mais aussi et surtout de favoriser le calme int\u00e9rieur propice au recul de l&rsquo;anxi\u00e9t\u00e9 et de la peur g\u00e9n\u00e9r\u00e9es par tant d\u2019incertitudes. Namast\u00e9 \ud83d\ude4f\ud83e\uddd8\ud83c\udffb\u200d\u2640\ufe0f\ud83e\uddd8\ud83c\udffb\u200d\u2642\ufe0f\ud83d\ude4f Bienvenue sur votre site\u00a0! Tr\u00e8s inspir\u00e9 du site de Fabienne Hidalgo : http:\/\/www.prajnana-yoga.com\/pages\/les-asanas.html &hellip; <\/p>\n<p class=\"link-more\"><a href=\"https:\/\/eco-nscience.com\/yoga\/\" class=\"more-link\">Continuer la lecture<span class=\"screen-reader-text\"> de &laquo;&nbsp;Accueil&nbsp;&raquo;<\/span><\/a><\/p>\n","protected":false},"author":1,"featured_media":0,"parent":0,"menu_order":0,"comment_status":"closed","ping_status":"closed","template":"","meta":{"footnotes":""},"class_list":["post-9","page","type-page","status-publish","hentry"],"_links":{"self":[{"href":"https:\/\/eco-nscience.com\/yoga\/wp-json\/wp\/v2\/pages\/9","targetHints":{"allow":["GET"]}}],"collection":[{"href":"https:\/\/eco-nscience.com\/yoga\/wp-json\/wp\/v2\/pages"}],"about":[{"href":"https:\/\/eco-nscience.com\/yoga\/wp-json\/wp\/v2\/types\/page"}],"author":[{"embeddable":true,"href":"https:\/\/eco-nscience.com\/yoga\/wp-json\/wp\/v2\/users\/1"}],"replies":[{"embeddable":true,"href":"https:\/\/eco-nscience.com\/yoga\/wp-json\/wp\/v2\/comments?post=9"}],"version-history":[{"count":9,"href":"https:\/\/eco-nscience.com\/yoga\/wp-json\/wp\/v2\/pages\/9\/revisions"}],"predecessor-version":[{"id":725,"href":"https:\/\/eco-nscience.com\/yoga\/wp-json\/wp\/v2\/pages\/9\/revisions\/725"}],"wp:attachment":[{"href":"https:\/\/eco-nscience.com\/yoga\/wp-json\/wp\/v2\/media?parent=9"}],"curies":[{"name":"wp","href":"https:\/\/api.w.org\/{rel}","templated":true}]}}