{"id":568,"date":"2020-07-02T14:05:02","date_gmt":"2020-07-02T12:05:02","guid":{"rendered":"http:\/\/eco-nscience.com\/Yoga\/?page_id=568"},"modified":"2020-07-29T11:11:19","modified_gmt":"2020-07-29T09:11:19","slug":"ete_2020","status":"publish","type":"page","link":"https:\/\/eco-nscience.com\/yoga\/ete_2020\/","title":{"rendered":"Ete_2020"},"content":{"rendered":"\n<p><\/p>\n\n\n\n<table id=\"tablepress-3\" class=\"tablepress tablepress-id-3\">\n<thead>\n<tr class=\"row-1\">\n\t<th class=\"column-1\">Semaine du 24 au 30 ao\u00fbt<\/th><th class=\"column-2\"><a href=\"https:\/\/www.youtube.com\/watch?v=CA5wTlsn6ek\">Yoga du matin, ... entrain !<\/a><\/th><th class=\"column-3\"><a href=\"https:\/\/www.youtube.com\/watch?v=VorMsX7U9Cs&amp;feature=youtu.be\">M\u00e9ditation : Aspirer la lumi\u00e8re<\/a><\/th>\n<\/tr>\n<\/thead>\n<tbody class=\"row-striping row-hover\">\n<tr class=\"row-2\">\n\t<td class=\"column-1\">Semaine du 03 au 09 ao\u00fbt 2020<\/td><td class=\"column-2\"><a href=\"http:\/\/eco-nscience.com\/Yoga\/wp-content\/uploads\/2020\/07\/Iyengar_Yoga_HomePractice_Level1_Sequence1.pdf\">Iyengar_Yoga_HomePractice_Level1_Sequence1<\/a><\/td><td class=\"column-3\">Jolie s\u00e9quence, \u00e0 pratiquer selon votre condition du jour, tout en douceur; conclure par un \"Savasana\" agr\u00e9ment\u00e9e d'une petite m\u00e9ditation type : https:\/\/www.youtube.com\/watch?v=sykHVmp1kis <\/td>\n<\/tr>\n<tr class=\"row-3\">\n\t<td class=\"column-1\">Semaine du 27\/07 au 02\/08<\/td><td class=\"column-2\"><a href=\"https:\/\/eco-nscience.com\/Immunite+\/page-collaborative\/\">Optimiser son immunit\u00e9<\/a><\/td><td class=\"column-3\">Optimiser son immunit\u00e9 de mani\u00e8re naturelle <\/td>\n<\/tr>\n<tr class=\"row-4\">\n\t<td class=\"column-1\">Semaine du 20 au 26\/07<\/td><td class=\"column-2\"><a href=\"https:\/\/www.youtube.com\/watch?v=Lg97HY0fUTI\">Cinq Tib\u00e9tains<\/a><\/td><td class=\"column-3\">Les cinq Tib\u00e9tains<\/td>\n<\/tr>\n<tr class=\"row-5\">\n\t<td class=\"column-1\">Semaine du 13 au 19\/07<\/td><td class=\"column-2\"><a href=\"http:\/\/eco-nscience.com\/Yoga\/wp-content\/uploads\/2020\/07\/Enchainement_Bien_Etre.pdf\">Enchainement_Bien_Etre<\/a><\/td><td class=\"column-3\">Un encha\u00eenement de bien-\u00eatre (\u00e0 pratiquer d\u00e9j\u00e0 \u00e9chauff\u00e9\u00b7e)<\/td>\n<\/tr>\n<tr class=\"row-6\">\n\t<td class=\"column-1\">Semaine du 06\/07 au 12\/07<\/td><td class=\"column-2\"><a href=\"http:\/\/eco-nscience.com\/Yoga\/wp-content\/uploads\/2020\/07\/PRASARITAPADDOTANASANA.pdf\">PRASARITAPADDOTANASANA<\/a><\/td><td class=\"column-3\">Prasarita Paddotanasana<\/td>\n<\/tr>\n<tr class=\"row-7\">\n\t<td class=\"column-1\">Semaine du 29\/06 au 05\/07<\/td><td class=\"column-2\"><a href=\"https:\/\/youtu.be\/T59oZ17MpXQ\">S\u00e9ance de HY \u00e0 Krechting (RFA)<\/a><\/td><td class=\"column-3\"><a href=\"https:\/\/www.youtube.com\/watch?v=5nUBWPbJFAU\">Schmoll<\/a><\/td>\n<\/tr>\n<tr class=\"row-8\">\n\t<td class=\"column-1\"><\/td><td class=\"column-2\"><\/td><td class=\"column-3\"><\/td>\n<\/tr>\n<tr class=\"row-9\">\n\t<td class=\"column-1\"><\/td><td class=\"column-2\"><\/td><td class=\"column-3\"><\/td>\n<\/tr>\n<tr class=\"row-10\">\n\t<td class=\"column-1\"><\/td><td class=\"column-2\"><\/td><td class=\"column-3\"><\/td>\n<\/tr>\n<tr class=\"row-11\">\n\t<td class=\"column-1\"><\/td><td class=\"column-2\"><\/td><td class=\"column-3\"><\/td>\n<\/tr>\n<tr class=\"row-12\">\n\t<td class=\"column-1\"><\/td><td class=\"column-2\"><\/td><td class=\"column-3\"><\/td>\n<\/tr>\n<tr class=\"row-13\">\n\t<td class=\"column-1\"><\/td><td class=\"column-2\"><\/td><td class=\"column-3\"><\/td>\n<\/tr>\n<tr class=\"row-14\">\n\t<td class=\"column-1\"><\/td><td class=\"column-2\"><\/td><td class=\"column-3\"><\/td>\n<\/tr>\n<tr class=\"row-15\">\n\t<td class=\"column-1\"><\/td><td class=\"column-2\"><\/td><td class=\"column-3\"><\/td>\n<\/tr>\n<tr class=\"row-16\">\n\t<td class=\"column-1\"><\/td><td class=\"column-2\"><\/td><td class=\"column-3\"><\/td>\n<\/tr>\n<tr class=\"row-17\">\n\t<td class=\"column-1\"><\/td><td class=\"column-2\"><\/td><td class=\"column-3\"><\/td>\n<\/tr>\n<tr class=\"row-18\">\n\t<td class=\"column-1\"><\/td><td class=\"column-2\"><\/td><td class=\"column-3\"><\/td>\n<\/tr>\n<\/tbody>\n<\/table>\n<!-- #tablepress-3 from cache -->\n","protected":false},"excerpt":{"rendered":"","protected":false},"author":1,"featured_media":0,"parent":0,"menu_order":0,"comment_status":"closed","ping_status":"closed","template":"","meta":{"footnotes":""},"class_list":["post-568","page","type-page","status-publish","hentry"],"_links":{"self":[{"href":"https:\/\/eco-nscience.com\/yoga\/wp-json\/wp\/v2\/pages\/568","targetHints":{"allow":["GET"]}}],"collection":[{"href":"https:\/\/eco-nscience.com\/yoga\/wp-json\/wp\/v2\/pages"}],"about":[{"href":"https:\/\/eco-nscience.com\/yoga\/wp-json\/wp\/v2\/types\/page"}],"author":[{"embeddable":true,"href":"https:\/\/eco-nscience.com\/yoga\/wp-json\/wp\/v2\/users\/1"}],"replies":[{"embeddable":true,"href":"https:\/\/eco-nscience.com\/yoga\/wp-json\/wp\/v2\/comments?post=568"}],"version-history":[{"count":10,"href":"https:\/\/eco-nscience.com\/yoga\/wp-json\/wp\/v2\/pages\/568\/revisions"}],"predecessor-version":[{"id":599,"href":"https:\/\/eco-nscience.com\/yoga\/wp-json\/wp\/v2\/pages\/568\/revisions\/599"}],"wp:attachment":[{"href":"https:\/\/eco-nscience.com\/yoga\/wp-json\/wp\/v2\/media?parent=568"}],"curies":[{"name":"wp","href":"https:\/\/api.w.org\/{rel}","templated":true}]}}