{"id":490,"date":"2020-03-31T18:51:11","date_gmt":"2020-03-31T16:51:11","guid":{"rendered":"http:\/\/eco-nscience.com\/Yoga\/?page_id=490"},"modified":"2021-09-09T17:07:06","modified_gmt":"2021-09-09T15:07:06","slug":"meridiens-et-points-dacupuncture","status":"publish","type":"page","link":"https:\/\/eco-nscience.com\/yoga\/meridiens-et-points-dacupuncture\/","title":{"rendered":"Acupuncture"},"content":{"rendered":"\n<p><\/p>\n\n\n\n<p><strong>Petits rappels :<\/strong><\/p>\n\n\n\n<p><a href=\"https:\/\/eco-nscience.com\/MTC\/Acu.html\">https:\/\/eco-nscience.com\/MTC\/Acu.html<\/a><\/p>\n\n\n\n<p><\/p>\n\n\n\n<p><\/p>\n\n\n\n<p><\/p>\n\n\n\n<p><strong>Les 12 conseils en M\u00e9decine Chinoise, pour lutter contre n\u2019importe quelle maladie :<\/strong><\/p>\n\n\n\n<p>&nbsp;il faut avoir le maximum d\u2019\u00e9nergie (Q\u00ec \u6c14\/\u6c23) et l\u2019esprit calme (Shen \u795e calme) \u2026<\/p>\n\n\n\n<p>1. Tout faire pour mieux dormir : la nuit, la sieste, se reposer quand il faut, d\u00e8s que possible \u2026<\/p>\n\n\n\n<p>2. Tout faire pour mieux manger (gr\u00e2ce \u00e0 la di\u00e9t\u00e9tique chinoise : cuisiner, manger selon votre instinct, manger \u00e0 sati\u00e9t\u00e9 &#8230; voir mon livre \u00ab M\u00e9decine chinoise et cuisine fran\u00e7aise \u00bb)<\/p>\n\n\n\n<p>3. Tout faire pour mieux respirer (rechercher les exercices respiratoires qui vous vont bien\u2026(Tiaoqi Fa \u8abf\u6c23\u6cd5)<\/p>\n\n\n\n<p>4. Tout faire pour mieux bouger (avec la marche, la danse, les \u00e9tirements Daoyin \u5bfc\u5f15, le T\u00e0ij\u00ed qu\u00e1n \u592a\u6975\u62f3, le Q\u00ecg\u014dng \u6c23\u529f\/\u6c14\u529f) \u2026<\/p>\n\n\n\n<p>5. Tout faire pour mieux se soigner (acupuncture et moxas \u9488\u7078 zh\u0113nji\u01d4, ventouses B\u00e1 gu\u00e0n \u62d4\u7f50, Tuina \u63a8\u62ff, An Mo \u6309\u6469 massages, Gu\u0101 sh\u0101 \u522e\u75e7, di\u00e9t\u00e9tique Fushi fa \u670d\u98df\u6cd5, pharmacop\u00e9e\u2026)<\/p>\n\n\n\n<p>6. Tout faire pour laisser passer, accepter, ou \u00e9viter les 5 \u00e9motions trop fortes (joie, peur, angoisse, tristesse, col\u00e8re) \u2026<\/p>\n\n\n\n<p>7. Tout faire pour mieux aimer ses proches et ceux que l\u2019on aime (humain, animal, v\u00e9g\u00e9tal) \u2026<\/p>\n\n\n\n<p>8. Tout faire pour \u00eatre serein, souriant, optimiste \u00e0 tout instant, cultiver le bonheur\u2026<\/p>\n\n\n\n<p>9. Tout faire pour rire plus, d\u00e8s que possible, avoir le sens de l\u2019humour\u2026<\/p>\n\n\n\n<p>10. Tout faire pour se conformer \u00e0 sa nature, et suivre son C\u0153ur, son Shen, son intuition, la Nature, les saisons, les cycles de l\u2019Univers\u2026<\/p>\n\n\n\n<p>11. Tout faire pour cr\u00e9er : chanter, dessiner, \u00e9crire, peindre, sculpter, construire, jouer, lire\u2026<\/p>\n\n\n\n<p>12. Tout faire pour continuer \u00e0 apprendre, toujours\u2026<\/p>\n\n\n\n<p>Bon Qi et bon Shen !&nbsp;<\/p>\n\n\n\n<p>Michel-Philippe Rastoul : \u00ab\u00a0M\u00e9decine chinoise et Cuisine fran\u00e7aise\u00a0\u00bb chez tous les bons libraires.<\/p>\n","protected":false},"excerpt":{"rendered":"<p>Petits rappels : https:\/\/eco-nscience.com\/MTC\/Acu.html Les 12 conseils en M\u00e9decine Chinoise, pour lutter contre n\u2019importe quelle maladie : &nbsp;il faut avoir le maximum d\u2019\u00e9nergie (Q\u00ec \u6c14\/\u6c23) et l\u2019esprit calme (Shen \u795e calme) \u2026 1. Tout faire pour mieux dormir : la nuit, la sieste, se reposer quand il faut, d\u00e8s que possible \u2026 2. Tout faire &hellip; <\/p>\n<p class=\"link-more\"><a href=\"https:\/\/eco-nscience.com\/yoga\/meridiens-et-points-dacupuncture\/\" class=\"more-link\">Continuer la lecture<span class=\"screen-reader-text\"> de &laquo;&nbsp;Acupuncture&nbsp;&raquo;<\/span><\/a><\/p>\n","protected":false},"author":1,"featured_media":0,"parent":0,"menu_order":0,"comment_status":"closed","ping_status":"closed","template":"","meta":{"footnotes":""},"class_list":["post-490","page","type-page","status-publish","hentry"],"_links":{"self":[{"href":"https:\/\/eco-nscience.com\/yoga\/wp-json\/wp\/v2\/pages\/490","targetHints":{"allow":["GET"]}}],"collection":[{"href":"https:\/\/eco-nscience.com\/yoga\/wp-json\/wp\/v2\/pages"}],"about":[{"href":"https:\/\/eco-nscience.com\/yoga\/wp-json\/wp\/v2\/types\/page"}],"author":[{"embeddable":true,"href":"https:\/\/eco-nscience.com\/yoga\/wp-json\/wp\/v2\/users\/1"}],"replies":[{"embeddable":true,"href":"https:\/\/eco-nscience.com\/yoga\/wp-json\/wp\/v2\/comments?post=490"}],"version-history":[{"count":5,"href":"https:\/\/eco-nscience.com\/yoga\/wp-json\/wp\/v2\/pages\/490\/revisions"}],"predecessor-version":[{"id":1250,"href":"https:\/\/eco-nscience.com\/yoga\/wp-json\/wp\/v2\/pages\/490\/revisions\/1250"}],"wp:attachment":[{"href":"https:\/\/eco-nscience.com\/yoga\/wp-json\/wp\/v2\/media?parent=490"}],"curies":[{"name":"wp","href":"https:\/\/api.w.org\/{rel}","templated":true}]}}