{"id":416,"date":"2020-01-20T14:57:50","date_gmt":"2020-01-20T13:57:50","guid":{"rendered":"http:\/\/eco-nscience.com\/Yoga\/?page_id=416"},"modified":"2021-02-15T11:26:33","modified_gmt":"2021-02-15T10:26:33","slug":"bandhas","status":"publish","type":"page","link":"https:\/\/eco-nscience.com\/yoga\/bandhas\/","title":{"rendered":"Bandhas"},"content":{"rendered":"\n<figure class=\"wp-block-embed-wordpress wp-block-embed is-type-wp-embed is-provider-yoga-amp-vedas\"><div class=\"wp-block-embed__wrapper\">\n<blockquote class=\"wp-embedded-content\" data-secret=\"xoDeKOVsgD\"><a href=\"https:\/\/yoga-et-vedas.com\/bandhas-fonctions-yoga-energie-prana-pranayama\/\">Bandhas et leurs fonctions dans le travail avec l\u2019\u00e9nergie<\/a><\/blockquote><iframe loading=\"lazy\" class=\"wp-embedded-content\" sandbox=\"allow-scripts\" security=\"restricted\" style=\"position: absolute; visibility: hidden;\" title=\"&#8220;Bandhas et leurs fonctions dans le travail avec l\u2019\u00e9nergie&#8221; &#8212; Yoga&amp;Vedas\" src=\"https:\/\/yoga-et-vedas.com\/bandhas-fonctions-yoga-energie-prana-pranayama\/embed\/#?secret=xoDeKOVsgD\" data-secret=\"xoDeKOVsgD\" width=\"525\" height=\"296\" frameborder=\"0\" marginwidth=\"0\" marginheight=\"0\" scrolling=\"no\"><\/iframe>\n<\/div><\/figure>\n\n\n\n<figure class=\"wp-block-embed is-type-wp-embed is-provider-blog-yoga-federation-francaise-de-green-yoga wp-block-embed-blog-yoga-federation-francaise-de-green-yoga\"><div class=\"wp-block-embed__wrapper\">\n<blockquote class=\"wp-embedded-content\" data-secret=\"R7bCb0Qcnv\"><a href=\"https:\/\/blog.green-yoga.fr\/mula-bandha-pourquoi-comment-le-pratiquer\/\">Mula Bandha : Pourquoi et comment le pratiquer ?<\/a><\/blockquote><iframe loading=\"lazy\" class=\"wp-embedded-content\" sandbox=\"allow-scripts\" security=\"restricted\" style=\"position: absolute; visibility: hidden;\" title=\"\u00ab\u00a0Mula Bandha : Pourquoi et comment le pratiquer ?\u00a0\u00bb &#8212; Blog Yoga : F\u00e9d\u00e9ration Fran\u00e7aise de Green Yoga\u00ae\" src=\"https:\/\/blog.green-yoga.fr\/mula-bandha-pourquoi-comment-le-pratiquer\/embed\/#?secret=p412957LUf#?secret=R7bCb0Qcnv\" data-secret=\"R7bCb0Qcnv\" width=\"525\" height=\"296\" frameborder=\"0\" marginwidth=\"0\" marginheight=\"0\" scrolling=\"no\"><\/iframe>\n<\/div><\/figure>\n","protected":false},"excerpt":{"rendered":"","protected":false},"author":1,"featured_media":0,"parent":0,"menu_order":0,"comment_status":"closed","ping_status":"closed","template":"","meta":{"footnotes":""},"class_list":["post-416","page","type-page","status-publish","hentry"],"_links":{"self":[{"href":"https:\/\/eco-nscience.com\/yoga\/wp-json\/wp\/v2\/pages\/416","targetHints":{"allow":["GET"]}}],"collection":[{"href":"https:\/\/eco-nscience.com\/yoga\/wp-json\/wp\/v2\/pages"}],"about":[{"href":"https:\/\/eco-nscience.com\/yoga\/wp-json\/wp\/v2\/types\/page"}],"author":[{"embeddable":true,"href":"https:\/\/eco-nscience.com\/yoga\/wp-json\/wp\/v2\/users\/1"}],"replies":[{"embeddable":true,"href":"https:\/\/eco-nscience.com\/yoga\/wp-json\/wp\/v2\/comments?post=416"}],"version-history":[{"count":3,"href":"https:\/\/eco-nscience.com\/yoga\/wp-json\/wp\/v2\/pages\/416\/revisions"}],"predecessor-version":[{"id":1052,"href":"https:\/\/eco-nscience.com\/yoga\/wp-json\/wp\/v2\/pages\/416\/revisions\/1052"}],"wp:attachment":[{"href":"https:\/\/eco-nscience.com\/yoga\/wp-json\/wp\/v2\/media?parent=416"}],"curies":[{"name":"wp","href":"https:\/\/api.w.org\/{rel}","templated":true}]}}