{"id":411,"date":"2020-01-20T14:53:37","date_gmt":"2020-01-20T13:53:37","guid":{"rendered":"http:\/\/eco-nscience.com\/Yoga\/?page_id=411"},"modified":"2020-11-28T16:25:16","modified_gmt":"2020-11-28T15:25:16","slug":"yoga-et-vedas","status":"publish","type":"page","link":"https:\/\/eco-nscience.com\/yoga\/yoga-et-vedas\/","title":{"rendered":"Yoga-et-Vedas"},"content":{"rendered":"\n<p><a href=\"https:\/\/yoga-et-vedas.com\">https:\/\/yoga-et-vedas.com<\/a><\/p>\n\n\n\n<p>Une montagne d&rsquo;informations \u00e0 propos de tout ce qui touche de pr\u00e8s et de moins pr\u00e8s au Yoga<\/p>\n\n\n\n<p><strong><span class=\"has-inline-color has-vivid-purple-color\">Morceaux choisis :<\/span><\/strong><\/p>\n\n\n\n<figure class=\"wp-block-embed-wordpress wp-block-embed is-type-wp-embed is-provider-yoga-amp-vedas\"><div class=\"wp-block-embed__wrapper\">\n<blockquote class=\"wp-embedded-content\" data-secret=\"wnbR3b6niH\"><a href=\"https:\/\/yoga-et-vedas.com\/les-jours-de-la-semaine-leurs-planetes-energies-et-couleurs\/\">Jours de la semaine : leurs plan\u00e8tes, \u00e9nergies et couleurs<\/a><\/blockquote><iframe loading=\"lazy\" class=\"wp-embedded-content\" sandbox=\"allow-scripts\" security=\"restricted\" style=\"position: absolute; visibility: hidden;\" title=\"&#8220;Jours de la semaine : leurs plan\u00e8tes, \u00e9nergies et couleurs&#8221; &#8212; Yoga&amp;Vedas\" src=\"https:\/\/yoga-et-vedas.com\/les-jours-de-la-semaine-leurs-planetes-energies-et-couleurs\/embed\/#?secret=wnbR3b6niH\" data-secret=\"wnbR3b6niH\" width=\"525\" height=\"296\" frameborder=\"0\" marginwidth=\"0\" marginheight=\"0\" scrolling=\"no\"><\/iframe>\n<\/div><\/figure>\n\n\n\n<p><\/p>\n\n\n\n<figure class=\"wp-block-embed-wordpress wp-block-embed is-type-wp-embed is-provider-yoga-amp-vedas\"><div class=\"wp-block-embed__wrapper\">\nhttps:\/\/yoga-et-vedas.com\/prana-lenergie-vitale\/\n<\/div><\/figure>\n\n\n\n<p> <\/p>\n","protected":false},"excerpt":{"rendered":"<p>https:\/\/yoga-et-vedas.com Une montagne d&rsquo;informations \u00e0 propos de tout ce qui touche de pr\u00e8s et de moins pr\u00e8s au Yoga Morceaux choisis :<\/p>\n","protected":false},"author":1,"featured_media":0,"parent":0,"menu_order":0,"comment_status":"closed","ping_status":"closed","template":"","meta":{"footnotes":""},"class_list":["post-411","page","type-page","status-publish","hentry"],"_links":{"self":[{"href":"https:\/\/eco-nscience.com\/yoga\/wp-json\/wp\/v2\/pages\/411","targetHints":{"allow":["GET"]}}],"collection":[{"href":"https:\/\/eco-nscience.com\/yoga\/wp-json\/wp\/v2\/pages"}],"about":[{"href":"https:\/\/eco-nscience.com\/yoga\/wp-json\/wp\/v2\/types\/page"}],"author":[{"embeddable":true,"href":"https:\/\/eco-nscience.com\/yoga\/wp-json\/wp\/v2\/users\/1"}],"replies":[{"embeddable":true,"href":"https:\/\/eco-nscience.com\/yoga\/wp-json\/wp\/v2\/comments?post=411"}],"version-history":[{"count":6,"href":"https:\/\/eco-nscience.com\/yoga\/wp-json\/wp\/v2\/pages\/411\/revisions"}],"predecessor-version":[{"id":900,"href":"https:\/\/eco-nscience.com\/yoga\/wp-json\/wp\/v2\/pages\/411\/revisions\/900"}],"wp:attachment":[{"href":"https:\/\/eco-nscience.com\/yoga\/wp-json\/wp\/v2\/media?parent=411"}],"curies":[{"name":"wp","href":"https:\/\/api.w.org\/{rel}","templated":true}]}}