{"id":33,"date":"2019-05-29T20:50:46","date_gmt":"2019-05-29T18:50:46","guid":{"rendered":"http:\/\/eco-nscience.com\/Yoga\/?page_id=33"},"modified":"2019-09-30T08:41:10","modified_gmt":"2019-09-30T06:41:10","slug":"liens","status":"publish","type":"page","link":"https:\/\/eco-nscience.com\/yoga\/liens\/","title":{"rendered":"Liens"},"content":{"rendered":"\n<p><a href=\"https:\/\/www.iyengaryoga.be\/fr\/\">https:\/\/www.iyengaryoga.be\/fr\/<\/a><\/p>\n\n\n\n<figure class=\"wp-block-embed-wordpress wp-block-embed is-type-wp-embed is-provider-ecole-francaise-de-yoga\"><div class=\"wp-block-embed__wrapper\">\nhttps:\/\/efy.asso.fr\n<\/div><figcaption><a href=\"https:\/\/efy.asso.fr\">https:\/\/efy.asso.fr<\/a><\/figcaption><\/figure>\n\n\n\n<figure class=\"wp-block-embed-wordpress wp-block-embed is-type-wp-embed is-provider-le-monde-du-yoga\"><div class=\"wp-block-embed__wrapper\">\n<blockquote class=\"wp-embedded-content\" data-secret=\"Ngh7WM4RHn\"><a href=\"https:\/\/lemondeduyoga.org\/\">Accueil<\/a><\/blockquote><iframe loading=\"lazy\" class=\"wp-embedded-content\" sandbox=\"allow-scripts\" security=\"restricted\" style=\"position: absolute; visibility: hidden;\" title=\"\u00ab\u00a0Accueil\u00a0\u00bb &#8212; Le Monde du Yoga\" src=\"https:\/\/lemondeduyoga.org\/embed\/#?secret=BarFGogWrn#?secret=Ngh7WM4RHn\" data-secret=\"Ngh7WM4RHn\" width=\"525\" height=\"296\" frameborder=\"0\" marginwidth=\"0\" marginheight=\"0\" scrolling=\"no\"><\/iframe>\n<\/div><figcaption>Le site de la F\u00e9d\u00e9ration Fran\u00e7aise de Yoga : <a href=\"https:\/\/lemondeduyoga.org\/lassociation-fney\/\">https:\/\/lemondeduyoga.org\/lassociation-fney\/<\/a><br><\/figcaption><\/figure>\n\n\n\n<p><\/p>\n\n\n\n<figure class=\"wp-block-embed-wordpress wp-block-embed is-type-wp-embed is-provider-le-monde-du-yoga\"><div class=\"wp-block-embed__wrapper\">\n<blockquote class=\"wp-embedded-content\" data-secret=\"BiqeHK2Qk1\"><a href=\"https:\/\/lemondeduyoga.org\/le-syndicat-national-des-professeurs-de-yoga\/\">Le Syndicat National des Professeurs de Yoga<\/a><\/blockquote><iframe loading=\"lazy\" class=\"wp-embedded-content\" sandbox=\"allow-scripts\" security=\"restricted\" style=\"position: absolute; visibility: hidden;\" title=\"\u00ab\u00a0Le Syndicat National des Professeurs de Yoga\u00a0\u00bb &#8212; Le Monde du Yoga\" src=\"https:\/\/lemondeduyoga.org\/le-syndicat-national-des-professeurs-de-yoga\/embed\/#?secret=dXi9ncrD3X#?secret=BiqeHK2Qk1\" data-secret=\"BiqeHK2Qk1\" width=\"525\" height=\"296\" frameborder=\"0\" marginwidth=\"0\" marginheight=\"0\" scrolling=\"no\"><\/iframe>\n<\/div><figcaption>Comme son nom l&rsquo;indique<br><\/figcaption><\/figure>\n\n\n\n<p><\/p>\n\n\n\n<p><a href=\"https:\/\/www.sivananda.eu\">https:\/\/www.sivananda.e<\/a>u<\/p>\n\n\n\n<figure class=\"wp-block-embed-wordpress wp-block-embed is-type-wp-embed is-provider-yogamrita-blog-du-yoga\"><div class=\"wp-block-embed__wrapper\">\nhttp:\/\/www.yogamrita.com\/blog\/\n<\/div><\/figure>\n\n\n\n<p><a href=\"http:\/\/www.yoga-et-vedas.com\">www.yoga-et-vedas.com<\/a><\/p>\n\n\n\n<p><strong>Leslie Kaminoff :<\/strong> <\/p>\n\n\n\n<p><a href=\"https:\/\/www.yogaanatomy.org\">https:\/\/www.yogaanatomy.org<\/a><\/p>\n\n\n\n<p><\/p>\n","protected":false},"excerpt":{"rendered":"<p>https:\/\/www.iyengaryoga.be\/fr\/ https:\/\/www.sivananda.eu www.yoga-et-vedas.com Leslie Kaminoff : https:\/\/www.yogaanatomy.org<\/p>\n","protected":false},"author":1,"featured_media":0,"parent":0,"menu_order":0,"comment_status":"closed","ping_status":"closed","template":"","meta":{"footnotes":""},"class_list":["post-33","page","type-page","status-publish","hentry"],"_links":{"self":[{"href":"https:\/\/eco-nscience.com\/yoga\/wp-json\/wp\/v2\/pages\/33","targetHints":{"allow":["GET"]}}],"collection":[{"href":"https:\/\/eco-nscience.com\/yoga\/wp-json\/wp\/v2\/pages"}],"about":[{"href":"https:\/\/eco-nscience.com\/yoga\/wp-json\/wp\/v2\/types\/page"}],"author":[{"embeddable":true,"href":"https:\/\/eco-nscience.com\/yoga\/wp-json\/wp\/v2\/users\/1"}],"replies":[{"embeddable":true,"href":"https:\/\/eco-nscience.com\/yoga\/wp-json\/wp\/v2\/comments?post=33"}],"version-history":[{"count":15,"href":"https:\/\/eco-nscience.com\/yoga\/wp-json\/wp\/v2\/pages\/33\/revisions"}],"predecessor-version":[{"id":184,"href":"https:\/\/eco-nscience.com\/yoga\/wp-json\/wp\/v2\/pages\/33\/revisions\/184"}],"wp:attachment":[{"href":"https:\/\/eco-nscience.com\/yoga\/wp-json\/wp\/v2\/media?parent=33"}],"curies":[{"name":"wp","href":"https:\/\/api.w.org\/{rel}","templated":true}]}}