{"id":32,"date":"2019-05-29T20:50:46","date_gmt":"2019-05-29T18:50:46","guid":{"rendered":"http:\/\/eco-nscience.com\/Yoga\/?page_id=32"},"modified":"2019-05-30T12:05:42","modified_gmt":"2019-05-30T10:05:42","slug":"mantra","status":"publish","type":"page","link":"https:\/\/eco-nscience.com\/yoga\/mantra\/","title":{"rendered":"Mantra"},"content":{"rendered":"\n<p>Un mantra est, dans l&rsquo;hindouisme, le bouddhisme, le sikhisme et le ja\u00efnisme, une formule condens\u00e9e, form\u00e9e d&rsquo;une seule syllabe ou d&rsquo;une s\u00e9rie de syllabes, r\u00e9p\u00e9t\u00e9e sans cesse avec un certain rythme, dans un exercice de m\u00e9ditation ou \u00e0 des fins religieuses.<\/p>\n\n\n\n<p>Wikip\u00e9dia : <a href=\"https:\/\/fr.wikipedia.org\/wiki\/Mantra\">https:\/\/fr.wikipedia.org\/wiki\/Mantra<\/a><\/p>\n\n\n\n<p><\/p>\n","protected":false},"excerpt":{"rendered":"<p>Un mantra est, dans l&rsquo;hindouisme, le bouddhisme, le sikhisme et le ja\u00efnisme, une formule condens\u00e9e, form\u00e9e d&rsquo;une seule syllabe ou d&rsquo;une s\u00e9rie de syllabes, r\u00e9p\u00e9t\u00e9e sans cesse avec un certain rythme, dans un exercice de m\u00e9ditation ou \u00e0 des fins religieuses. Wikip\u00e9dia : https:\/\/fr.wikipedia.org\/wiki\/Mantra<\/p>\n","protected":false},"author":1,"featured_media":0,"parent":0,"menu_order":0,"comment_status":"closed","ping_status":"closed","template":"","meta":{"footnotes":""},"class_list":["post-32","page","type-page","status-publish","hentry"],"_links":{"self":[{"href":"https:\/\/eco-nscience.com\/yoga\/wp-json\/wp\/v2\/pages\/32","targetHints":{"allow":["GET"]}}],"collection":[{"href":"https:\/\/eco-nscience.com\/yoga\/wp-json\/wp\/v2\/pages"}],"about":[{"href":"https:\/\/eco-nscience.com\/yoga\/wp-json\/wp\/v2\/types\/page"}],"author":[{"embeddable":true,"href":"https:\/\/eco-nscience.com\/yoga\/wp-json\/wp\/v2\/users\/1"}],"replies":[{"embeddable":true,"href":"https:\/\/eco-nscience.com\/yoga\/wp-json\/wp\/v2\/comments?post=32"}],"version-history":[{"count":2,"href":"https:\/\/eco-nscience.com\/yoga\/wp-json\/wp\/v2\/pages\/32\/revisions"}],"predecessor-version":[{"id":70,"href":"https:\/\/eco-nscience.com\/yoga\/wp-json\/wp\/v2\/pages\/32\/revisions\/70"}],"wp:attachment":[{"href":"https:\/\/eco-nscience.com\/yoga\/wp-json\/wp\/v2\/media?parent=32"}],"curies":[{"name":"wp","href":"https:\/\/api.w.org\/{rel}","templated":true}]}}