{"id":31,"date":"2019-05-29T20:50:46","date_gmt":"2019-05-29T18:50:46","guid":{"rendered":"http:\/\/eco-nscience.com\/Yoga\/?page_id=31"},"modified":"2020-01-20T14:23:28","modified_gmt":"2020-01-20T13:23:28","slug":"mudra","status":"publish","type":"page","link":"https:\/\/eco-nscience.com\/yoga\/mudra\/","title":{"rendered":"Mudra"},"content":{"rendered":"\n<p>La mudr\u0101 est un terme sanskrit qui d\u00e9signe une position codifi\u00e9e et symbolique des mains d&rsquo;une personne ou de la repr\u00e9sentation artistique d&rsquo;un personnage ou d&rsquo;une divinit\u00e9. <\/p>\n\n\n\n<p>L&rsquo;origine des mudr\u0101s est tr\u00e8s ancienne et se rattache \u00e0 la culture v\u00e9dique.<\/p>\n\n\n\n<p>Wikip\u00e9dia : <a href=\"https:\/\/fr.wikipedia.org\/wiki\/Mudr\u0101\">https:\/\/fr.wikipedia.org\/wiki\/Mudr\u0101<\/a><\/p>\n\n\n\n<figure class=\"wp-block-embed-wordpress wp-block-embed is-type-wp-embed is-provider-yogsansara\"><div class=\"wp-block-embed__wrapper\">\nhttp:\/\/www.yogsansara.com\/blog\/2019\/07\/09\/les-mudras\/\n<\/div><figcaption>Lien : http:\/\/www.yogsansara.com\/blog\/2019\/07\/09\/les-mudras\/<\/figcaption><\/figure>\n","protected":false},"excerpt":{"rendered":"<p>La mudr\u0101 est un terme sanskrit qui d\u00e9signe une position codifi\u00e9e et symbolique des mains d&rsquo;une personne ou de la repr\u00e9sentation artistique d&rsquo;un personnage ou d&rsquo;une divinit\u00e9. L&rsquo;origine des mudr\u0101s est tr\u00e8s ancienne et se rattache \u00e0 la culture v\u00e9dique. Wikip\u00e9dia : https:\/\/fr.wikipedia.org\/wiki\/Mudr\u0101<\/p>\n","protected":false},"author":1,"featured_media":0,"parent":0,"menu_order":0,"comment_status":"closed","ping_status":"closed","template":"","meta":{"footnotes":""},"class_list":["post-31","page","type-page","status-publish","hentry"],"_links":{"self":[{"href":"https:\/\/eco-nscience.com\/yoga\/wp-json\/wp\/v2\/pages\/31","targetHints":{"allow":["GET"]}}],"collection":[{"href":"https:\/\/eco-nscience.com\/yoga\/wp-json\/wp\/v2\/pages"}],"about":[{"href":"https:\/\/eco-nscience.com\/yoga\/wp-json\/wp\/v2\/types\/page"}],"author":[{"embeddable":true,"href":"https:\/\/eco-nscience.com\/yoga\/wp-json\/wp\/v2\/users\/1"}],"replies":[{"embeddable":true,"href":"https:\/\/eco-nscience.com\/yoga\/wp-json\/wp\/v2\/comments?post=31"}],"version-history":[{"count":6,"href":"https:\/\/eco-nscience.com\/yoga\/wp-json\/wp\/v2\/pages\/31\/revisions"}],"predecessor-version":[{"id":405,"href":"https:\/\/eco-nscience.com\/yoga\/wp-json\/wp\/v2\/pages\/31\/revisions\/405"}],"wp:attachment":[{"href":"https:\/\/eco-nscience.com\/yoga\/wp-json\/wp\/v2\/media?parent=31"}],"curies":[{"name":"wp","href":"https:\/\/api.w.org\/{rel}","templated":true}]}}