{"id":30,"date":"2019-05-29T20:50:46","date_gmt":"2019-05-29T18:50:46","guid":{"rendered":"http:\/\/eco-nscience.com\/Yoga\/?page_id=30"},"modified":"2020-10-14T15:02:42","modified_gmt":"2020-10-14T13:02:42","slug":"pranayama","status":"publish","type":"page","link":"https:\/\/eco-nscience.com\/yoga\/pranayama\/","title":{"rendered":"Pranayama"},"content":{"rendered":"\n<p>Pranayama correspond dans les Yoga S\u016btra de Pata\u00f1jali au quatri\u00e8me membre du Yoga. Pr\u0101\u1e47ay\u0101ma est la discipline du souffle au travers de la connaissance et le contr\u00f4le du pr\u0101\u1e47a, \u00e9nergie vitale universelle. <\/p>\n\n\n\n<p>Ce terme d\u00e9signe encore un mouvement respiratoire orient\u00e9 vers le souffle vital qui le pr\u00e9c\u00e8de et le soutient.<\/p>\n\n\n\n<p>Wikip\u00e9dia : <a href=\"https:\/\/fr.wikipedia.org\/wiki\/Pranayama\">https:\/\/fr.wikipedia.org\/wiki\/Pranayama<\/a><\/p>\n\n\n\n<p><strong><span class=\"has-inline-color has-vivid-purple-color\">Coh\u00e9rence Cardiaque :<\/span><\/strong><\/p>\n\n\n\n<figure class=\"wp-block-embed-youtube wp-block-embed is-type-video is-provider-youtube wp-embed-aspect-16-9 wp-has-aspect-ratio\"><div class=\"wp-block-embed__wrapper\">\n<iframe loading=\"lazy\" title=\"La coh\u00e9rence cardiaque par Dr David O&#039;Hare\" width=\"525\" height=\"295\" src=\"https:\/\/www.youtube.com\/embed\/MLe_Pcy2mdw?feature=oembed\" frameborder=\"0\" allow=\"accelerometer; autoplay; clipboard-write; encrypted-media; gyroscope; picture-in-picture; web-share\" referrerpolicy=\"strict-origin-when-cross-origin\" allowfullscreen><\/iframe>\n<\/div><\/figure>\n\n\n\n<p><\/p>\n\n\n\n<p><span class=\"has-inline-color has-vivid-purple-color\"><strong>Plus complet :<\/strong><\/span><\/p>\n\n\n\n<p><a href=\"https:\/\/www.coherenceinfo.com\">https:\/\/www.coherenceinfo.com<\/a><\/p>\n\n\n\n<p><\/p>\n\n\n\n<p><\/p>\n\n\n\n<p><strong><span class=\"has-inline-color has-vivid-purple-color\">N\u00e2d\u00ee Shoddhana<br>La respiration altern\u00e9e :<\/span><\/strong><\/p>\n\n\n\n<p><a href=\"https:\/\/www.natha-yoga.com\/nadi%20shoddhana.htm\">https:\/\/www.natha-yoga.com\/nadi%20shoddhana.htm<\/a><\/p>\n\n\n\n<p> <\/p>\n","protected":false},"excerpt":{"rendered":"<p>Pranayama correspond dans les Yoga S\u016btra de Pata\u00f1jali au quatri\u00e8me membre du Yoga. Pr\u0101\u1e47ay\u0101ma est la discipline du souffle au travers de la connaissance et le contr\u00f4le du pr\u0101\u1e47a, \u00e9nergie vitale universelle. Ce terme d\u00e9signe encore un mouvement respiratoire orient\u00e9 vers le souffle vital qui le pr\u00e9c\u00e8de et le soutient. Wikip\u00e9dia : https:\/\/fr.wikipedia.org\/wiki\/Pranayama Coh\u00e9rence Cardiaque &hellip; <\/p>\n<p class=\"link-more\"><a href=\"https:\/\/eco-nscience.com\/yoga\/pranayama\/\" class=\"more-link\">Continuer la lecture<span class=\"screen-reader-text\"> de &laquo;&nbsp;Pranayama&nbsp;&raquo;<\/span><\/a><\/p>\n","protected":false},"author":1,"featured_media":0,"parent":0,"menu_order":0,"comment_status":"closed","ping_status":"closed","template":"","meta":{"footnotes":""},"class_list":["post-30","page","type-page","status-publish","hentry"],"_links":{"self":[{"href":"https:\/\/eco-nscience.com\/yoga\/wp-json\/wp\/v2\/pages\/30","targetHints":{"allow":["GET"]}}],"collection":[{"href":"https:\/\/eco-nscience.com\/yoga\/wp-json\/wp\/v2\/pages"}],"about":[{"href":"https:\/\/eco-nscience.com\/yoga\/wp-json\/wp\/v2\/types\/page"}],"author":[{"embeddable":true,"href":"https:\/\/eco-nscience.com\/yoga\/wp-json\/wp\/v2\/users\/1"}],"replies":[{"embeddable":true,"href":"https:\/\/eco-nscience.com\/yoga\/wp-json\/wp\/v2\/comments?post=30"}],"version-history":[{"count":6,"href":"https:\/\/eco-nscience.com\/yoga\/wp-json\/wp\/v2\/pages\/30\/revisions"}],"predecessor-version":[{"id":765,"href":"https:\/\/eco-nscience.com\/yoga\/wp-json\/wp\/v2\/pages\/30\/revisions\/765"}],"wp:attachment":[{"href":"https:\/\/eco-nscience.com\/yoga\/wp-json\/wp\/v2\/media?parent=30"}],"curies":[{"name":"wp","href":"https:\/\/api.w.org\/{rel}","templated":true}]}}