{"id":285,"date":"2019-10-01T15:18:17","date_gmt":"2019-10-01T13:18:17","guid":{"rendered":"http:\/\/eco-nscience.com\/Yoga\/?page_id=285"},"modified":"2020-10-06T15:18:17","modified_gmt":"2020-10-06T13:18:17","slug":"meditation","status":"publish","type":"page","link":"https:\/\/eco-nscience.com\/yoga\/meditation\/","title":{"rendered":"M\u00e9ditation"},"content":{"rendered":"\n<p>La page de Fran\u00e7oise (Manjarr\u00e8s) en g\u00e9n\u00e9ral :<\/p>\n\n\n\n<p> <a href=\"https:\/\/www.youtube.com\/channel\/UCml2-TCMohE_H9I5Ygnt76A\">https:\/\/www.youtube.com\/channel\/UCml2-TCMohE_H9I5Ygnt76A<\/a><\/p>\n\n\n\n<p><\/p>\n\n\n\n<p><a href=\"https:\/\/www.petitbambou.com\/fr\/\">https:\/\/www.petitbambou.com\/fr\/<\/a><\/p>\n\n\n\n<p>Christophe Andr\u00e9 : Suivre sa respiration<\/p>\n\n\n\n<figure class=\"wp-block-embed-youtube wp-block-embed is-type-video is-provider-youtube wp-embed-aspect-4-3 wp-has-aspect-ratio\"><div class=\"wp-block-embed__wrapper\">\n<iframe loading=\"lazy\" title=\"Suivre sa respiration   Christophe Andr\u00e9\" width=\"525\" height=\"394\" src=\"https:\/\/www.youtube.com\/embed\/JaCxFK1ttYE?feature=oembed\" frameborder=\"0\" allow=\"accelerometer; autoplay; clipboard-write; encrypted-media; gyroscope; picture-in-picture; web-share\" referrerpolicy=\"strict-origin-when-cross-origin\" allowfullscreen><\/iframe>\n<\/div><\/figure>\n\n\n\n<figure class=\"wp-block-embed-youtube wp-block-embed is-type-video is-provider-youtube wp-embed-aspect-4-3 wp-has-aspect-ratio\"><div class=\"wp-block-embed__wrapper\">\nhttps:\/\/www.youtube.com\/watch?v=Rd4k3Ye2yKE\n<\/div><\/figure>\n\n\n\n<figure class=\"wp-block-embed-youtube wp-block-embed is-type-video is-provider-youtube wp-embed-aspect-16-9 wp-has-aspect-ratio\"><div class=\"wp-block-embed__wrapper\">\n<iframe loading=\"lazy\" title=\"Christophe Andr\u00e9 : &quot;La m\u00e9ditation est un d\u00e9tour par soi-m\u00eame&quot;\" width=\"525\" height=\"295\" src=\"https:\/\/www.youtube.com\/embed\/Tv-GL_9NseM?feature=oembed\" frameborder=\"0\" allow=\"accelerometer; autoplay; clipboard-write; encrypted-media; gyroscope; picture-in-picture; web-share\" referrerpolicy=\"strict-origin-when-cross-origin\" allowfullscreen><\/iframe>\n<\/div><\/figure>\n\n\n\n<figure class=\"wp-block-embed-youtube wp-block-embed is-type-video is-provider-youtube wp-embed-aspect-16-9 wp-has-aspect-ratio\"><div class=\"wp-block-embed__wrapper\">\nhttps:\/\/www.youtube.com\/watch?v=NtyNxtgy064\n<\/div><\/figure>\n\n\n\n<figure class=\"wp-block-embed-youtube wp-block-embed is-type-video is-provider-youtube wp-embed-aspect-16-9 wp-has-aspect-ratio\"><div class=\"wp-block-embed__wrapper\">\n<iframe loading=\"lazy\" title=\"Relaxation anti stress de Krya Yoga\" width=\"525\" height=\"295\" src=\"https:\/\/www.youtube.com\/embed\/R14fYU5Sz6k?feature=oembed\" frameborder=\"0\" allow=\"accelerometer; autoplay; clipboard-write; encrypted-media; gyroscope; picture-in-picture; web-share\" referrerpolicy=\"strict-origin-when-cross-origin\" allowfullscreen><\/iframe>\n<\/div><\/figure>\n\n\n\n<p><\/p>\n\n\n\n<p><\/p>\n\n\n\n<p><a href=\"https:\/\/www.petitbambou.com\/fr\/app\/program\/5f60b5aa78b95\">https:\/\/www.petitbambou.com\/fr\/app\/program\/5f60b5aa78b95<\/a><\/p>\n","protected":false},"excerpt":{"rendered":"<p>La page de Fran\u00e7oise (Manjarr\u00e8s) en g\u00e9n\u00e9ral : https:\/\/www.youtube.com\/channel\/UCml2-TCMohE_H9I5Ygnt76A https:\/\/www.petitbambou.com\/fr\/ Christophe Andr\u00e9 : Suivre sa respiration https:\/\/www.petitbambou.com\/fr\/app\/program\/5f60b5aa78b95<\/p>\n","protected":false},"author":1,"featured_media":0,"parent":0,"menu_order":0,"comment_status":"closed","ping_status":"closed","template":"","meta":{"footnotes":""},"class_list":["post-285","page","type-page","status-publish","hentry"],"_links":{"self":[{"href":"https:\/\/eco-nscience.com\/yoga\/wp-json\/wp\/v2\/pages\/285","targetHints":{"allow":["GET"]}}],"collection":[{"href":"https:\/\/eco-nscience.com\/yoga\/wp-json\/wp\/v2\/pages"}],"about":[{"href":"https:\/\/eco-nscience.com\/yoga\/wp-json\/wp\/v2\/types\/page"}],"author":[{"embeddable":true,"href":"https:\/\/eco-nscience.com\/yoga\/wp-json\/wp\/v2\/users\/1"}],"replies":[{"embeddable":true,"href":"https:\/\/eco-nscience.com\/yoga\/wp-json\/wp\/v2\/comments?post=285"}],"version-history":[{"count":17,"href":"https:\/\/eco-nscience.com\/yoga\/wp-json\/wp\/v2\/pages\/285\/revisions"}],"predecessor-version":[{"id":734,"href":"https:\/\/eco-nscience.com\/yoga\/wp-json\/wp\/v2\/pages\/285\/revisions\/734"}],"wp:attachment":[{"href":"https:\/\/eco-nscience.com\/yoga\/wp-json\/wp\/v2\/media?parent=285"}],"curies":[{"name":"wp","href":"https:\/\/api.w.org\/{rel}","templated":true}]}}