{"id":1217,"date":"2021-09-03T18:16:17","date_gmt":"2021-09-03T16:16:17","guid":{"rendered":"https:\/\/eco-nscience.com\/yoga\/?page_id=1217"},"modified":"2021-09-23T12:05:56","modified_gmt":"2021-09-23T10:05:56","slug":"yoqi-yoga-qigong","status":"publish","type":"page","link":"https:\/\/eco-nscience.com\/yoga\/yoqi-yoga-qigong\/","title":{"rendered":"YoQi"},"content":{"rendered":"\n<p>Yoga &amp; Qi Gong : <\/p>\n\n\n\n<p>YoQi est la contraction de Yoga et de QiGong : une synergie tr\u00e8s int\u00e9ressante.<\/p>\n\n\n\n<p>Pour voir les sous-titres (originellement en anglais), cliquer sur l&rsquo;ic\u00f4ne \u00ab\u00a0param\u00e8tres\u00a0\u00bb en bas \u00e0 droite de l&rsquo;\u00e9cran ! <\/p>\n\n\n\n<p>Pour les avoir en langue fran\u00e7aise, cliquer sur la m\u00eame ic\u00f4ne (\u00ab\u00a0param\u00e8tres\u00a0\u00bb), puis sur \u00ab\u00a0sous-titres\u00a0\u00bb, puis sur \u00ab\u00a0traduire simultan\u00e9ment\u00a0\u00bb et \u00ab\u00a0choisissez votre langue !<\/p>\n\n\n\n<p>Pour ralentir la vitesse de la vid\u00e9o (et de l&rsquo;audio, ainsi que les sous-titres simultan\u00e9s) : cliquer sur l&rsquo;ic\u00f4ne \u00ab\u00a0param\u00e8tres\u00a0\u00bb et s\u00e9lectionner \u00ab\u00a0vitesse de lecture\u00a0\u00bb et r\u00e9duisez la vitesse \u00e0 votre meilleure convenance !<\/p>\n\n\n\n<p> <\/p>\n\n\n\n<figure class=\"wp-block-embed is-type-video is-provider-youtube wp-block-embed-youtube wp-embed-aspect-16-9 wp-has-aspect-ratio\"><div class=\"wp-block-embed__wrapper\">\n<iframe loading=\"lazy\" title=\"Qigong Flow For Brain Optimization\" width=\"525\" height=\"295\" src=\"https:\/\/www.youtube.com\/embed\/EzIpx6-WX4M?feature=oembed\" frameborder=\"0\" allow=\"accelerometer; autoplay; clipboard-write; encrypted-media; gyroscope; picture-in-picture; web-share\" referrerpolicy=\"strict-origin-when-cross-origin\" allowfullscreen><\/iframe>\n<\/div><\/figure>\n\n\n\n<figure class=\"wp-block-embed is-type-video is-provider-youtube wp-block-embed-youtube wp-embed-aspect-16-9 wp-has-aspect-ratio\"><div class=\"wp-block-embed__wrapper\">\n<iframe loading=\"lazy\" title=\"Qigong to Purge and Tonify\" width=\"525\" height=\"295\" src=\"https:\/\/www.youtube.com\/embed\/3GtFp6sz5zM?feature=oembed\" frameborder=\"0\" allow=\"accelerometer; autoplay; clipboard-write; encrypted-media; gyroscope; picture-in-picture; web-share\" referrerpolicy=\"strict-origin-when-cross-origin\" allowfullscreen><\/iframe>\n<\/div><\/figure>\n\n\n\n<figure class=\"wp-block-embed is-type-video is-provider-youtube wp-block-embed-youtube wp-embed-aspect-16-9 wp-has-aspect-ratio\"><div class=\"wp-block-embed__wrapper\">\n<iframe loading=\"lazy\" title=\"YOQI RESOURCE Qigong for Protection\" width=\"525\" height=\"295\" src=\"https:\/\/www.youtube.com\/embed\/RHdmTqkQleo?feature=oembed\" frameborder=\"0\" allow=\"accelerometer; autoplay; clipboard-write; encrypted-media; gyroscope; picture-in-picture; web-share\" referrerpolicy=\"strict-origin-when-cross-origin\" allowfullscreen><\/iframe>\n<\/div><\/figure>\n","protected":false},"excerpt":{"rendered":"<p>Yoga &amp; Qi Gong : YoQi est la contraction de Yoga et de QiGong : une synergie tr\u00e8s int\u00e9ressante. Pour voir les sous-titres (originellement en anglais), cliquer sur l&rsquo;ic\u00f4ne \u00ab\u00a0param\u00e8tres\u00a0\u00bb en bas \u00e0 droite de l&rsquo;\u00e9cran ! Pour les avoir en langue fran\u00e7aise, cliquer sur la m\u00eame ic\u00f4ne (\u00ab\u00a0param\u00e8tres\u00a0\u00bb), puis sur \u00ab\u00a0sous-titres\u00a0\u00bb, puis sur \u00ab\u00a0traduire &hellip; <\/p>\n<p class=\"link-more\"><a href=\"https:\/\/eco-nscience.com\/yoga\/yoqi-yoga-qigong\/\" class=\"more-link\">Continuer la lecture<span class=\"screen-reader-text\"> de &laquo;&nbsp;YoQi&nbsp;&raquo;<\/span><\/a><\/p>\n","protected":false},"author":1,"featured_media":0,"parent":0,"menu_order":0,"comment_status":"closed","ping_status":"closed","template":"","meta":{"footnotes":""},"class_list":["post-1217","page","type-page","status-publish","hentry"],"_links":{"self":[{"href":"https:\/\/eco-nscience.com\/yoga\/wp-json\/wp\/v2\/pages\/1217","targetHints":{"allow":["GET"]}}],"collection":[{"href":"https:\/\/eco-nscience.com\/yoga\/wp-json\/wp\/v2\/pages"}],"about":[{"href":"https:\/\/eco-nscience.com\/yoga\/wp-json\/wp\/v2\/types\/page"}],"author":[{"embeddable":true,"href":"https:\/\/eco-nscience.com\/yoga\/wp-json\/wp\/v2\/users\/1"}],"replies":[{"embeddable":true,"href":"https:\/\/eco-nscience.com\/yoga\/wp-json\/wp\/v2\/comments?post=1217"}],"version-history":[{"count":9,"href":"https:\/\/eco-nscience.com\/yoga\/wp-json\/wp\/v2\/pages\/1217\/revisions"}],"predecessor-version":[{"id":1297,"href":"https:\/\/eco-nscience.com\/yoga\/wp-json\/wp\/v2\/pages\/1217\/revisions\/1297"}],"wp:attachment":[{"href":"https:\/\/eco-nscience.com\/yoga\/wp-json\/wp\/v2\/media?parent=1217"}],"curies":[{"name":"wp","href":"https:\/\/api.w.org\/{rel}","templated":true}]}}