{"id":10,"date":"2019-05-29T20:38:05","date_gmt":"2019-05-29T18:38:05","guid":{"rendered":"http:\/\/eco-nscience.com\/Yoga\/?page_id=10"},"modified":"2020-03-17T09:14:28","modified_gmt":"2020-03-17T08:14:28","slug":"a-propos-de","status":"publish","type":"page","link":"https:\/\/eco-nscience.com\/yoga\/a-propos-de\/","title":{"rendered":"\u00c0 propos"},"content":{"rendered":"<p>Ces quelques bien modestes pages synth\u00e9tisent un enseignement de Hatha Yoga donn\u00e9 au Centre Culturel de Courbevoie depuis 2017, plus particuli\u00e8rement au \u00ab\u00a0Pavillon Haussmann\u00a0\u00bb et au \u00ab\u00a0Centre Villebois-Mareuil\u00a0\u00bb.<\/p>\n<p>Enseignement inspir\u00e9 par 40 ans de pratique et par la formation re\u00e7ue \u00e0 l&rsquo;Ecole Fran\u00e7aise de Yoga (3 rue Aubriot, 75004 Paris) : <a href=\"https:\/\/ecolefrancaisedeyoga.fr\">https:\/\/ecolefrancaisedeyoga.fr<\/a>\u00a0! (*)<\/p>\n<p>Les liens propos\u00e9s dans ces pages sont les premiers trouv\u00e9s, il y en a une infinit\u00e9 d&rsquo;autres, \u00e0 vous d&rsquo;en rechercher de meilleurs et d&rsquo;\u00e9ventuellement les proposer afin d&rsquo;optimiser ce site.<\/p>\n<p>Les documents propos\u00e9s sont \u00e0 usage strictement personnel !<\/p>\n<p><strong><em data-rich-text-format-boundary=\"true\">Attention : pour usage personnel uniquement, ne pas communiquer, merci !<\/em><\/strong><\/p>\n\n\n<p>Merci<\/p>\n\n\n\n<p><b>(*) : <\/b><span><i style=\"font-weight: bold;\"> T\u00e9moignage d&rsquo;une ancienne \u00e9l\u00e8ve :<\/i><\/span><\/p>\n\n\n\n<p><span><i style=\"font-weight: bold;\"> Les fondamentaux qui sont enseign\u00e9s, analys\u00e9s, d\u00e9cortiqu\u00e9s, exp\u00e9riment\u00e9s avec pr\u00e9cision, profondeur et s\u00e9rieux.<\/i><\/span><\/p>\n\n\n\n<p><span><i style=\"font-weight: bold;\"> Mais pas seulement !<\/i><\/span><\/p>\n\n\n\n<p><span><i style=\"font-weight: bold;\"> L\u2019\u00e9cole vous pousse au-del\u00e0 de l\u2019enseignement re\u00e7u, \u00e0 vous d\u00e9passer, \u00e0 vous red\u00e9couvrir, vers une connaissance de vous qui vous transforme. <\/i><\/span><\/p>\n\n\n\n<p><span><i style=\"font-weight: bold;\">Commencement d\u2019une voie qui va bien au-del\u00e0 des quatre ann\u00e9es pass\u00e9es \u00e0 l\u2018EFY.<\/i><\/span><\/p>\n","protected":false},"excerpt":{"rendered":"<p>Ces quelques bien modestes pages synth\u00e9tisent un enseignement de Hatha Yoga donn\u00e9 au Centre Culturel de Courbevoie depuis 2017, plus particuli\u00e8rement au \u00ab\u00a0Pavillon Haussmann\u00a0\u00bb et au \u00ab\u00a0Centre Villebois-Mareuil\u00a0\u00bb. Enseignement inspir\u00e9 par 40 ans de pratique et par la formation re\u00e7ue \u00e0 l&rsquo;Ecole Fran\u00e7aise de Yoga (3 rue Aubriot, 75004 Paris) : https:\/\/ecolefrancaisedeyoga.fr\u00a0! (*) Les liens &hellip; <\/p>\n<p class=\"link-more\"><a href=\"https:\/\/eco-nscience.com\/yoga\/a-propos-de\/\" class=\"more-link\">Continuer la lecture<span class=\"screen-reader-text\"> de &laquo;&nbsp;\u00c0 propos&nbsp;&raquo;<\/span><\/a><\/p>\n","protected":false},"author":1,"featured_media":0,"parent":0,"menu_order":0,"comment_status":"closed","ping_status":"closed","template":"","meta":{"footnotes":""},"class_list":["post-10","page","type-page","status-publish","hentry"],"_links":{"self":[{"href":"https:\/\/eco-nscience.com\/yoga\/wp-json\/wp\/v2\/pages\/10","targetHints":{"allow":["GET"]}}],"collection":[{"href":"https:\/\/eco-nscience.com\/yoga\/wp-json\/wp\/v2\/pages"}],"about":[{"href":"https:\/\/eco-nscience.com\/yoga\/wp-json\/wp\/v2\/types\/page"}],"author":[{"embeddable":true,"href":"https:\/\/eco-nscience.com\/yoga\/wp-json\/wp\/v2\/users\/1"}],"replies":[{"embeddable":true,"href":"https:\/\/eco-nscience.com\/yoga\/wp-json\/wp\/v2\/comments?post=10"}],"version-history":[{"count":14,"href":"https:\/\/eco-nscience.com\/yoga\/wp-json\/wp\/v2\/pages\/10\/revisions"}],"predecessor-version":[{"id":465,"href":"https:\/\/eco-nscience.com\/yoga\/wp-json\/wp\/v2\/pages\/10\/revisions\/465"}],"wp:attachment":[{"href":"https:\/\/eco-nscience.com\/yoga\/wp-json\/wp\/v2\/media?parent=10"}],"curies":[{"name":"wp","href":"https:\/\/api.w.org\/{rel}","templated":true}]}}