{"id":2,"date":"2019-06-03T14:35:13","date_gmt":"2019-06-03T12:35:13","guid":{"rendered":"https:\/\/eco-nscience.com\/Music\/?page_id=2"},"modified":"2019-09-02T09:10:27","modified_gmt":"2019-09-02T07:10:27","slug":"partitions","status":"publish","type":"page","link":"https:\/\/eco-nscience.com\/Music\/partitions\/","title":{"rendered":"Partitions"},"content":{"rendered":"\n<p>Des choristes, de mes cours de piano et solf\u00e8ge par Claire et quelques uns de mes morceaux pr\u00e9f\u00e9r\u00e9s <\/p>\n\n\n\n<p><\/p>\n\n\n\n<h3 class=\"wp-block-heading\"><strong>PS : les \u0153uvres pr\u00e9sent\u00e9es (paroles et musique) sont \u00e0 usage interne des Chorales \u00ab\u00a0Au Choeur de la Ville\u00a0\u00bb, merci \u00e0 leurs auteurs d&rsquo;accepter que leurs \u0153uvres soient reprises sur ce site.<\/strong><\/h3>\n","protected":false},"excerpt":{"rendered":"<p>Des choristes, de mes cours de piano et solf\u00e8ge par Claire et quelques uns de mes morceaux pr\u00e9f\u00e9r\u00e9s PS : les \u0153uvres pr\u00e9sent\u00e9es (paroles et musique) sont \u00e0 usage interne des Chorales \u00ab\u00a0Au Choeur de la Ville\u00a0\u00bb, merci \u00e0 leurs auteurs d&rsquo;accepter que leurs \u0153uvres soient reprises sur ce site.<\/p>\n","protected":false},"author":1,"featured_media":0,"parent":0,"menu_order":0,"comment_status":"closed","ping_status":"open","template":"","meta":{"footnotes":""},"class_list":["post-2","page","type-page","status-publish","hentry"],"_links":{"self":[{"href":"https:\/\/eco-nscience.com\/Music\/wp-json\/wp\/v2\/pages\/2","targetHints":{"allow":["GET"]}}],"collection":[{"href":"https:\/\/eco-nscience.com\/Music\/wp-json\/wp\/v2\/pages"}],"about":[{"href":"https:\/\/eco-nscience.com\/Music\/wp-json\/wp\/v2\/types\/page"}],"author":[{"embeddable":true,"href":"https:\/\/eco-nscience.com\/Music\/wp-json\/wp\/v2\/users\/1"}],"replies":[{"embeddable":true,"href":"https:\/\/eco-nscience.com\/Music\/wp-json\/wp\/v2\/comments?post=2"}],"version-history":[{"count":5,"href":"https:\/\/eco-nscience.com\/Music\/wp-json\/wp\/v2\/pages\/2\/revisions"}],"predecessor-version":[{"id":274,"href":"https:\/\/eco-nscience.com\/Music\/wp-json\/wp\/v2\/pages\/2\/revisions\/274"}],"wp:attachment":[{"href":"https:\/\/eco-nscience.com\/Music\/wp-json\/wp\/v2\/media?parent=2"}],"curies":[{"name":"wp","href":"https:\/\/api.w.org\/{rel}","templated":true}]}}