{"id":135,"date":"2019-06-04T14:28:54","date_gmt":"2019-06-04T12:28:54","guid":{"rendered":"https:\/\/eco-nscience.com\/Music\/?page_id=135"},"modified":"2024-01-29T20:45:31","modified_gmt":"2024-01-29T19:45:31","slug":"solfege","status":"publish","type":"page","link":"https:\/\/eco-nscience.com\/Music\/solfege\/","title":{"rendered":"Solfege"},"content":{"rendered":"\n<p>Ch\u00e8re Claire, je te propose de partager ici nos \u00e9changes de cours de piano-solf\u00e8ge. <\/p>\n\n\n\n<div class=\"wp-block-file\"><a href=\"https:\/\/eco-nscience.com\/Music\/wp-content\/uploads\/2019\/06\/Claire_190604_Accords_et_Inversions.pdf\">Claire_190604_Accords_et_Inversions<\/a><a href=\"https:\/\/eco-nscience.com\/Music\/wp-content\/uploads\/2019\/06\/Claire_190604_Accords_et_Inversions.pdf\" class=\"wp-block-file__button\" download>T\u00e9l\u00e9charger<\/a><\/div>\n","protected":false},"excerpt":{"rendered":"<p>Ch\u00e8re Claire, je te propose de partager ici nos \u00e9changes de cours de piano-solf\u00e8ge.<\/p>\n","protected":false},"author":1,"featured_media":0,"parent":0,"menu_order":0,"comment_status":"closed","ping_status":"closed","template":"","meta":{"footnotes":""},"class_list":["post-135","page","type-page","status-publish","hentry"],"_links":{"self":[{"href":"https:\/\/eco-nscience.com\/Music\/wp-json\/wp\/v2\/pages\/135","targetHints":{"allow":["GET"]}}],"collection":[{"href":"https:\/\/eco-nscience.com\/Music\/wp-json\/wp\/v2\/pages"}],"about":[{"href":"https:\/\/eco-nscience.com\/Music\/wp-json\/wp\/v2\/types\/page"}],"author":[{"embeddable":true,"href":"https:\/\/eco-nscience.com\/Music\/wp-json\/wp\/v2\/users\/1"}],"replies":[{"embeddable":true,"href":"https:\/\/eco-nscience.com\/Music\/wp-json\/wp\/v2\/comments?post=135"}],"version-history":[{"count":7,"href":"https:\/\/eco-nscience.com\/Music\/wp-json\/wp\/v2\/pages\/135\/revisions"}],"predecessor-version":[{"id":146,"href":"https:\/\/eco-nscience.com\/Music\/wp-json\/wp\/v2\/pages\/135\/revisions\/146"}],"wp:attachment":[{"href":"https:\/\/eco-nscience.com\/Music\/wp-json\/wp\/v2\/media?parent=135"}],"curies":[{"name":"wp","href":"https:\/\/api.w.org\/{rel}","templated":true}]}}